{"id":925,"date":"2018-12-13T08:27:31","date_gmt":"2018-10-02T12:01:13","guid":{"rendered":"https:\/\/skin-surgery.nl\/?post_type=behandelingen&#038;p=925"},"modified":"2020-11-30T11:05:02","modified_gmt":"2020-11-30T10:05:02","slug":"wat-wens-je","status":"publish","type":"page","link":"https:\/\/skinsurgerybotox.nl\/en\/wat-wens-je\/","title":{"rendered":"Wat wens je"},"content":{"rendered":"<html><body><div class=\"wpb-content-wrapper\"><p>[vc_row full_width=\u201dstretch_row\u201d css=\u201d.vc_custom_1602141004178{padding-bottom: 35px !important;background-color: #f8f9fb !important;}\u201d][vc_column][vc_column_text]<\/p>\n<h1>Behandelingen<\/h1>\n<p>[\/vc_column_text][vc_row_inner][vc_column_inner width=\u201d1\/2\u2033]<a class=\"plusbutton\" href=\"https:\/\/skin-surgery.nl\/wat-wens-je\/je-meer-vrouw-te-voelen\/\" target=\"_blank\" rel=\"noopener nofollow\">Je meer vrouw voelen <img decoding=\"async\" src=\"https:\/\/skinsurgerybotox.nl\/wp-content\/themes\/thain\/images\/plus_icon.svg\" alt=\"plus_icon\"><\/a><a class=\"plusbutton\" href=\"https:\/\/skin-surgery.nl\/wat-wens-je\/strakkere-kaaklijn\/\" target=\"_blank\" rel=\"noopener nofollow\">Een strakke kaaklijn <img decoding=\"async\" src=\"https:\/\/skinsurgerybotox.nl\/wp-content\/themes\/thain\/images\/plus_icon.svg\" alt=\"plus_icon\"><\/a><a class=\"plusbutton\" href=\"https:\/\/skin-surgery.nl\/wat-wens-je\/vollere-lippen\/\" target=\"_blank\" rel=\"noopener nofollow\">Vollere lippen <img decoding=\"async\" src=\"https:\/\/skinsurgerybotox.nl\/wp-content\/themes\/thain\/images\/plus_icon.svg\" alt=\"plus_icon\"><\/a><a class=\"plusbutton\" href=\"https:\/\/skin-surgery.nl\/wat-wens-je\/vrolijke-uitstraling\/\" target=\"_blank\" rel=\"noopener nofollow\">Vrolijke uitstraling <img decoding=\"async\" src=\"https:\/\/skinsurgerybotox.nl\/wp-content\/themes\/thain\/images\/plus_icon.svg\" alt=\"plus_icon\"><\/a>[\/vc_column_inner][vc_column_inner width=\u201d1\/2\u2033]<a class=\"plusbutton\" href=\"https:\/\/skin-surgery.nl\/wat-wens-je\/mooier-ouder-worden\/\" target=\"_blank\" rel=\"noopener nofollow\">Mooi ouder worden <img decoding=\"async\" src=\"https:\/\/skinsurgerybotox.nl\/wp-content\/themes\/thain\/images\/plus_icon.svg\" alt=\"plus_icon\"><\/a><a class=\"plusbutton\" href=\"https:\/\/skin-surgery.nl\/wat-wens-je\/van-mijn-migraine-af\/\" target=\"_blank\" rel=\"noopener nofollow\">Van mijn migraine af <img decoding=\"async\" src=\"https:\/\/skinsurgerybotox.nl\/wp-content\/themes\/thain\/images\/plus_icon.svg\" alt=\"plus_icon\"><\/a><a class=\"plusbutton\" href=\"https:\/\/skin-surgery.nl\/wat-wens-je\/een-stralende-huid\/\" target=\"_blank\" rel=\"noopener nofollow\">Een stralende huid <img decoding=\"async\" src=\"https:\/\/skinsurgerybotox.nl\/wp-content\/themes\/thain\/images\/plus_icon.svg\" alt=\"plus_icon\"><\/a><a class=\"plusbutton\" href=\"https:\/\/skin-surgery.nl\/wat-wens-je\/wallen-verminderen\/\" target=\"_blank\" rel=\"noopener nofollow\">Wallen verminderen <img decoding=\"async\" src=\"https:\/\/skinsurgerybotox.nl\/wp-content\/themes\/thain\/images\/plus_icon.svg\" alt=\"plus_icon\"><\/a>[\/vc_column_inner][\/vc_row_inner][\/vc_column][\/vc_row][vc_row full_width=\u201dstretch_row\u201d equal_height=\u201dyes\u201d el_class=\u201dbgright\u201d css=\u201d.vc_custom_1602141729401{margin-top: 0px !important;margin-right: 0px !important;margin-bottom: 0px !important;margin-left: 0px !important;background-color: #f8f9fb !important;}\u201d][vc_column offset=\u201dvc_col-lg-6 vc_col-md-12\u2033][vc_column_text]<\/p>\n<h3>Skin + Surgery<\/h3>\n<h2>Wat wens je?<\/h2>\n<p>Heb je het idee dat je somber kijkt? Gebruik je al jaren de duurste producten voor een stralende huid, zonder het beloofde resultaat? Of wellicht heb je medische ongemakken waar je niet mee naar buiten durft te komen, zoals ongewenst urineverlies. Bij Skin Surgery Clinics hebben we aandacht voor jouw verhaal en maken we in overleg een behandelplan. Soms is een simpele ingreep genoeg of kiezen we voor combinatie van behandelingen. Alles voor een resultaat waar jij gelukkig van wordt. Boek een vrijblijvend consult in en laat ons weten wat je wenst. Samen maken we er iets moois van.[\/vc_column_text]<a class=\"lt-button fill\" href=\"\/gratis-adviesgesprek\/\">Vrijblijvend adviesgesprek<\/a>[\/vc_column][vc_column offset=\u201dvc_col-lg-6 vc_col-md-12 vc_hidden-sm vc_col-xs-12 vc_hidden-xs\u201d css=\u201d.vc_custom_1602141770403{margin-top: 0px !important;margin-right: 0px !important;margin-bottom: 0px !important;margin-left: 0px !important;border-top-width: 0px !important;border-right-width: 0px !important;border-bottom-width: 0px !important;border-left-width: 0px !important;padding-top: 0px !important;padding-right: 0px !important;padding-bottom: 0px !important;padding-left: 0px !important;background-image: url(https:\/\/skinsurgerybotox.nl\/wp-content\/uploads\/2020\/10\/behandelingen-Skin-Surgery.jpg?id=6122) !important;background-position: center !important;background-repeat: no-repeat !important;background-size: cover !important;}\u201d][\/vc_column][\/vc_row][vc_row][vc_column]<\/p><div class=\"teamlid-details-container\">\n                    <div class=\"left-side\">\n                        <div class=\"person-bg\" style=\"background:white url(https:\/\/skinsurgerybotox.nl\/wp-content\/uploads\/2020\/10\/team-skin-surgery-thanya-tha-in.png) bottom center no-repeat;\"><\/div>\n                    <\/div>\n                    <div class=\"right-side\">\n                        <div class=\"teamlid-content\">\n                            <h2>Dr. Thanya Tha-In<\/h2>\n                            <h3>Chirurg en gecertificeerd cosmetisch arts<\/h3>\r\nDokter Thanya Tha-In is chirurg en gecertificeerd cosmetisch arts en staat bekend als de \u00e9\u00e9n van de beste in haar vak. Thanya kijkt verder dan het te behandelen gebied en is oprecht ge\u00efnteresseerd in jou als persoon. Met zorg en aandacht legt ze je de mogelijkheden uit en is ze realistisch in het te verwachten resultaat. Dit geldt voor een behandeling met injectables, maar net zo goed voor een chirurgische ingreep.\n                            <a class=\"leesmeer-btn\" href=\"\/specialisten\/\">Lees meer over onze specialisten <img decoding=\"async\" src=\"https:\/\/skinsurgerybotox.nl\/wp-content\/themes\/thain\/images\/design\/arrow-right.png\" alt=\"arrow-right\"><\/a>\n                        <\/div>\n                        <div class=\"andere-teamleden\">\n                            <div class=\"andere-teamlid\" style=\"background:url(https:\/\/skinsurgerybotox.nl\/wp-content\/uploads\/2020\/10\/team-skin-surgery-arletta-de-wit.png) no-repeat;\"><\/div>\n                            <div class=\"andere-teamlid\" style=\"background:url(https:\/\/skinsurgerybotox.nl\/wp-content\/uploads\/2020\/10\/team-skin-surgery-Leanne-wong.png) no-repeat;\"><\/div>\n                            <div class=\"andere-teamlid\" style=\"background:url() no-repeat;\"><\/div>\n                        <\/div>\n                    <\/div>\n                    <div class=\"clear\"><\/div>\n                <\/div>[\/vc_column][\/vc_row][vc_row full_width=\u201dstretch_row\u201d css=\u201d.vc_custom_1602141210476{background-color: #f9f9f9 !important;}\u201d][vc_column width=\u201d1\/2\u2033][vc_column_text]\n<h3>Wat wens je?<\/h3>\n<h2><strong>Uiterlijke schoonheid<br>\nweer in balans.<\/strong><\/h2>\n<p>Herstel de balans tussen je innerlijke welzijn en je uiterlijke schoonheid. Maak nu een afspraak voor een vrijblijvend adviesgesprek.[\/vc_column_text][\/vc_column][vc_column width=\u201d1\/2\u2033 css=\u201d.vc_custom_1560239762020{padding-top: 55px !important;}\u201d]<a class=\"lt-button fill\" href=\"\/gratis-adviesgesprek\/\">Vrijblijvend adviesgesprek<\/a>[vc_column_text]Neem telefonisch contact op<br>\n<span style=\"color: #516070;\"><a style=\"font-size: 25px; color: #516070;\" href=\"tel:+31702002070\">070-200 20 70<\/a><\/span><br>\nMa t\/m zo 08:00 tot 22:00[\/vc_column_text][\/vc_column][\/vc_row]<\/p>\n<\/div><\/body><\/html>","protected":false},"excerpt":{"rendered":"<p>[vc_row full_width=\u201dstretch_row\u201d css=\u201d.vc_custom_1602141004178{padding-bottom: 35px !important;background-color: #f8f9fb !important;}\u201d][vc_column][vc_column_text] Behandelingen [\/vc_column_text][vc_row_inner][vc_column_inner width=\u201d1\/2\u2033][\/vc_column_inner][vc_column_inner width=\u201d1\/2\u2033][\/vc_column_inner][\/vc_row_inner][\/vc_column][\/vc_row][vc_row full_width=\u201dstretch_row\u201d equal_height=\u201dyes\u201d el_class=\u201dbgright\u201d css=\u201d.vc_custom_1602141729401{margin-top: 0px !important;margin-right: 0px !important;margin-bottom: 0px !important;margin-left: 0px !important;background-color: #f8f9fb !important;}\u201d][vc_column offset=\u201dvc_col-lg-6 vc_col-md-12\u2033][vc_column_text] Skin + Surgery Wat wens je? Heb je het idee dat je somber kijkt? Gebruik je al jaren de duurste producten voor een stralende huid, zonder het beloofde [&hellip;]<\/p>\n","protected":false},"author":1,"featured_media":6125,"parent":0,"menu_order":24,"comment_status":"closed","ping_status":"closed","template":"","meta":{"_acf_changed":false,"inline_featured_image":false,"footnotes":""},"class_list":["post-925","page","type-page","status-publish","has-post-thumbnail","hentry"],"acf":[],"_links":{"self":[{"href":"https:\/\/skinsurgerybotox.nl\/en\/wp-json\/wp\/v2\/pages\/925","targetHints":{"allow":["GET"]}}],"collection":[{"href":"https:\/\/skinsurgerybotox.nl\/en\/wp-json\/wp\/v2\/pages"}],"about":[{"href":"https:\/\/skinsurgerybotox.nl\/en\/wp-json\/wp\/v2\/types\/page"}],"author":[{"embeddable":true,"href":"https:\/\/skinsurgerybotox.nl\/en\/wp-json\/wp\/v2\/users\/1"}],"replies":[{"embeddable":true,"href":"https:\/\/skinsurgerybotox.nl\/en\/wp-json\/wp\/v2\/comments?post=925"}],"version-history":[{"count":5,"href":"https:\/\/skinsurgerybotox.nl\/en\/wp-json\/wp\/v2\/pages\/925\/revisions"}],"predecessor-version":[{"id":8256,"href":"https:\/\/skinsurgerybotox.nl\/en\/wp-json\/wp\/v2\/pages\/925\/revisions\/8256"}],"wp:featuredmedia":[{"embeddable":true,"href":"https:\/\/skinsurgerybotox.nl\/en\/wp-json\/wp\/v2\/media\/6125"}],"wp:attachment":[{"href":"https:\/\/skinsurgerybotox.nl\/en\/wp-json\/wp\/v2\/media?parent=925"}],"curies":[{"name":"wp","href":"https:\/\/api.w.org\/{rel}","templated":true}]}}