{"id":366,"date":"2018-12-17T10:20:11","date_gmt":"2018-09-17T10:08:16","guid":{"rendered":"https:\/\/skin-surgery.nl\/?post_type=behandelingen&#038;p=366"},"modified":"2021-07-08T13:03:55","modified_gmt":"2021-07-08T11:03:55","slug":"botox-slaap","status":"publish","type":"page","link":"https:\/\/skinsurgerybotox.nl\/en\/botox\/botox-slaap\/","title":{"rendered":"Botox voor de slaap"},"content":{"rendered":"<html><body><div class=\"wpb-content-wrapper\"><p>[vc_row full_width=\u201dstretch_row\u201d css=\u201d.vc_custom_1602148947347{background-color: #fbfbfb !important;}\u201d el_class=\u201dpaddingbig\u201d][vc_column width=\u201d1\/3\u2033][vc_column_text]<\/p>\n<h3>Behandelingen<\/h3>\n<h2>Botox behandeling voor de slaap<\/h2>\n<p>Het resultaat kan na een kleine touch-up verbluffend zijn.[\/vc_column_text][\/vc_column][vc_column width=\u201d2\/3\u2033][vc_tta_accordion color=\u201dwhite\u201d c_icon=\u201dchevron\u201d c_position=\u201dright\u201d active_section=\u201d1\u2033][vc_tta_section title=\u201dBotox voor de slaap\u201d tab_id=\u201d1555581272186-ca8cb890-d960a444-3aca\u201d][vc_column_text]Mis je jouw frisse uitstraling in de spiegel? Heb je het idee dat je ogen holler lijken en wenkbrauwen naar achteren zakken? Je denkt er wellicht niet snel aan, maar vaak zie je bij het ouder worden dat je slaap gaat invallen. De slaap is een zone op het hoofd die dikwijls wordt vergeten. Door <a href=\"https:\/\/skinsurgerybotox.nl\/botox\/\">botox<\/a> te plaatsen bij je slaap, oogt je gezicht jeugdiger en worden je wenkbrauwen op een natuurlijke manier gelift. Skin + Surgery bekijkt jouw gezicht met aandacht en zal je adviseren welke behandeling het meest bij jou past. Het resultaat kan na een kleine touch-up verbluffend zijn. Boek een vrijblijvend consult in voor persoonlijk advies.[\/vc_column_text][\/vc_tta_section][\/vc_tta_accordion][\/vc_column][\/vc_row][vc_row el_class=\u201doverlay-top\u201d css=\u201d.vc_custom_1559310074970{background-color: #50606f !important;}\u201d][vc_column][vc_row_inner][vc_column_inner width=\u201d1\/3\u2033][vc_column_text]<\/p>\n<h3>Botox slaap resultaten<\/h3>\n<h2><strong>Onze resultaten van Botox voor de slaap<\/strong><\/h2>\n<p><span style=\"color: #ffffff;\">Botox voor de slaap is een relatief kleine ingreep met verbluffend resultaat. Je wenkbrauwen worden op natuurlijke wijze gelift en je slapen worden opgevuld. Lees de enthousiaste ervaringen van onze cli\u00ebnten die na een botoxbehandeling weer fris de wereld inkijken.<\/span>[\/vc_column_text][\/vc_column_inner][vc_column_inner width=\u201d2\/3\u2033][vc_single_image image=\u201d2893\u2033 img_size=\u201dfull\u201d onclick=\u201dcustom_link\u201d img_link_target=\u201d_blank\u201d link=\u201dhttps:\/\/www.kliniekervaringen.nl\/kliniek\/nederland\/zuid-holland\/bergschenhoek\/skinsurgery-clinics-486\u2033][\/vc_column_inner][\/vc_row_inner][\/vc_column][\/vc_row][vc_row content_placement=\u201dmiddle\u201d css=\u201d.vc_custom_1555588747292{padding-top: 30px !important;padding-bottom: 30px !important;}\u201d][vc_column width=\u201d1\/2\u2033][vc_column_text]<\/p>\n<h3>Botox slaap oplossingen<\/h3>\n<h2>Kwaliteit is onze passie<\/h2>\n<p>[\/vc_column_text][\/vc_column][vc_column width=\u201d1\/2\u2033 el_class=\u201dnopadmobile\u201d]<a class=\"lt-button fill\" href=\"\/gratis-adviesgesprek\/\">Vrijblijvend adviesgesprek<\/a>[vc_column_text]<span style=\"color: #c7ab69;\">Ma. t\/m zo. van 08:00 tot 22:00<\/span>[\/vc_column_text][\/vc_column][\/vc_row][vc_row full_width=\u201dstretch_row_content_no_spaces\u201d][vc_column]<\/p><div class=\"teamlid-details-container\">\n                    <div class=\"left-side\">\n                        <div class=\"person-bg\" style=\"background:white url(https:\/\/skinsurgerybotox.nl\/wp-content\/uploads\/2020\/10\/team-skin-surgery-thanya-tha-in.png) bottom center no-repeat;\"><\/div>\n                    <\/div>\n                    <div class=\"right-side\">\n                        <div class=\"teamlid-content\">\n                            <h2>Dr. Thanya Tha-In<\/h2>\n                            <h3>Chirurg en gecertificeerd cosmetisch arts<\/h3>\r\nDokter Thanya Tha-In is chirurg en gecertificeerd cosmetisch arts en staat bekend als de \u00e9\u00e9n van de beste in haar vak. Thanya kijkt verder dan het te behandelen gebied en is oprecht ge\u00efnteresseerd in jou als persoon. Met zorg en aandacht legt ze je de mogelijkheden uit en is ze realistisch in het te verwachten resultaat. Dit geldt voor een behandeling met injectables, maar net zo goed voor een chirurgische ingreep.\n                            <a class=\"leesmeer-btn\" href=\"\/specialisten\/\">Lees meer over onze specialisten <img decoding=\"async\" src=\"https:\/\/skinsurgerybotox.nl\/wp-content\/themes\/thain\/images\/design\/arrow-right.png\" alt=\"arrow-right\"><\/a>\n                        <\/div>\n                        <div class=\"andere-teamleden\">\n                            <div class=\"andere-teamlid\" style=\"background:url(https:\/\/skinsurgerybotox.nl\/wp-content\/uploads\/2020\/10\/team-skin-surgery-arletta-de-wit.png) no-repeat;\"><\/div>\n                            <div class=\"andere-teamlid\" style=\"background:url(https:\/\/skinsurgerybotox.nl\/wp-content\/uploads\/2020\/10\/team-skin-surgery-Leanne-wong.png) no-repeat;\"><\/div>\n                            <div class=\"andere-teamlid\" style=\"background:url() no-repeat;\"><\/div>\n                        <\/div>\n                    <\/div>\n                    <div class=\"clear\"><\/div>\n                <\/div>[\/vc_column][\/vc_row][vc_row el_class=\u201dnormalpadding\u201d][vc_column width=\u201d1\/3\u2033][vc_column_text]\n<h3>Botox voor de slaap<\/h3>\n<h2><strong>Prijzen en vergoedingen<\/strong><\/h2>\n<p>Skin + Surgery heeft transparante en eerlijke tarieven hoog in het vaandel staan. Je krijgt de hoogste kwaliteit cosmetische zorg voor een betaalbare prijs. Botox voor de slaap ter gezichtsverjonging valt buiten de basiszorgverzekering.[\/vc_column_text][\/vc_column][vc_column width=\u201d1\/3\u2033]<\/p><div class=\"pricetag\">\n                    <h4>Botox slaap<\/h4>\n                    <span>\u20ac 750,-<\/span>\n                <\/div>[\/vc_column][vc_column width=\u201d1\/3\u2033]<a class=\"leesmeer-btn\" href=\"\/prijzen\/\">Bekijk alle prijzen <img decoding=\"async\" src=\"https:\/\/skinsurgerybotox.nl\/wp-content\/themes\/thain\/images\/design\/arrow-right.png\" alt=\"arrow-right\"><\/a>[\/vc_column][\/vc_row][vc_row full_width=\u201dstretch_row\u201d css=\u201d.vc_custom_1602148971375{background-color: #f0f0f0 !important;}\u201d el_class=\u201ddiapcontainer\u201d][vc_column width=\u201d2\/3\u2033][vc_column_text]\n<h3>Vragen over botox voor de slaap?<\/h3>\n<h2><span style=\"color: #4f5f6f;\">Veelgestelde vragen<\/span><\/h2>\n<p>[\/vc_column_text][vc_tta_accordion color=\u201dwhite\u201d c_icon=\u201dchevron\u201d c_position=\u201dright\u201d active_section=\u201d1\u2033 no_fill=\u201dtrue\u201d][vc_tta_section title=\u201dWaarvoor wordt Botox gebruikt?\u201d tab_id=\u201d1594208454438-6610dafa-7ddb\u201d][vc_column_text]Botox wordt gebruikt om rimpels in het gelaat te verjongen. Vaak na een stressvolle periode, door bijvoorbeeld het afvallen of bij het ouder worden, gaat je gezicht tekenen. Oplosbare niet-permanente Botox is ideaal om tekenen van veroudering en vermoeidheid te vervagen. De naam zegt het eigenlijk al, namelijk opvullen. Botox zorgt ervoor dat bepaalde gedeeltes van je gezicht weer meer volume krijgen. Hierbij valt te denken aan het liften van de wangen, het verminderen van de neuslippenplooi en het liften van de mondhoekjes.[\/vc_column_text][\/vc_tta_section][vc_tta_section title=\u201dBotox, wat is dit nou precies?\u201d tab_id=\u201d1594208454513-df050ca6-34ff\u201d][vc_column_text]Een Filler is uiteindelijk niet meer dan hyaluronzuur. Hyaluronzuur komt van nature al voor in je lichaam en zorgt ervoor dat je huid gehydrateerd wordt. Door deze te injecteren in de middelste en onderste huidlaag wordt de huid van binnenuit gehydrateerd, dit zorgt voor een langdurige verbetering van de huidkwaliteit. Ook kunnen Fillers door de diepe injectie in de huidlagen volume in het gezicht herstellen en een verjongend en liftend effect geven.[\/vc_column_text][\/vc_tta_section][vc_tta_section title=\u201dHoelang is de werking van Botox?\u201d tab_id=\u201d1594208454573-b6a1e505-3ffe\u201d][vc_column_text]Het verschilt per Filler hoelang het resultaat zichtbaar is. Wij gaan uit van een gemiddelde werkingsduur tussen de 6 en 12 maanden.[\/vc_column_text][\/vc_tta_section][vc_tta_section title=\u201dIs het injecteren van Botox veilig?\u201d tab_id=\u201d1594208454636-aa2916e2-c850\u2033][vc_column_text]Er is veel onderzoek verricht naar het injecteren van Botox. Ook lees je in de media veel over de goede en minder goede ervaringen. Uit wetenschappelijk onderzoek en uit eigen ervaring is gebleken dat het gebruik van Botox volkomen veilig is. Botox waarmee Tha-In Clinics werkt, zijn van hoge kwaliteit en volledig biologisch afbreekbaar. Hiernaast zorgen onze artsen altijd voor een subtiel resultaat en waken zij voor overvulling en een onnatuurlijke uitstraling. Onze artsen geven dan ook te allen tijde een eerlijk advies. Mochten we van mening zijn dat de door jouw gekozen behandeling zal leiden tot een onnatuurlijke look, dan bespreken we dit uitgebreid en zullen we in goed overleg besluiten de behandeling niet op deze manier uit te voeren.[\/vc_column_text][\/vc_tta_section][\/vc_tta_accordion][\/vc_column][vc_column width=\u201d1\/3\u2033 el_class=\u201dcolum-top-indent\u201d][vc_column_text css=\u201d.vc_custom_1602148982567{margin-bottom: 15px !important;}\u201d]<\/p>\n<h4><span style=\"color: #4f5f6f;\">Staat jouw vraag er<\/span><br>\n<span style=\"color: #4f5f6f;\">niet tussen?<\/span><\/h4>\n<p><span style=\"color: #4f5f6f;\">Neem dan nu contact op<\/span>[\/vc_column_text]<a class=\"tel-button\" href=\"tel:+31702002070\"><i class=\"fa fa-phone\" aria-hidden=\"true\"><\/i> 070-200 20 70<\/a>[vc_column_text]<span style=\"color: #c7ab69;\">van Ma t\/m zo 08:00 tot 22:00<\/span>[\/vc_column_text][\/vc_column][\/vc_row][vc_row][vc_column width=\u201d1\/2\u2033]<a class=\"fancy-video-popup\" data-width=\"710\" data-height=\"400\" href=\"https:\/\/www.youtube.com\/watch?v=hARj0gPBu1o\" data-fancybox target=\"_blank\" rel=\"noopener\">\n                    <i class=\"fa fa-play-circle\" aria-hidden=\"true\"><\/i>\n                    <img decoding=\"async\" src=\"https:\/\/img.youtube.com\/vi\/hARj0gPBu1o\/maxresdefault.jpg\" alt=\"maxresdefault\">\n                <\/a>[\/vc_column][vc_column width=\u201d1\/2\u2033]<a class=\"fancy-video-popup\" data-width=\"710\" data-height=\"400\" href=\"https:\/\/www.youtube.com\/watch?v=XkUEIQ5Bt1c\" data-fancybox target=\"_blank\" rel=\"noopener\">\n                    <i class=\"fa fa-play-circle\" aria-hidden=\"true\"><\/i>\n                    <img decoding=\"async\" src=\"https:\/\/img.youtube.com\/vi\/XkUEIQ5Bt1c\/maxresdefault.jpg\" alt=\"maxresdefault\">\n                <\/a>[\/vc_column][\/vc_row][vc_row full_width=\u201dstretch_row\u201d el_class=\u201dsmallpadding\u201d css=\u201d.vc_custom_1602149048912{background-color: #f9f9f9 !important;}\u201d][vc_column width=\u201d1\/2\u2033][vc_column_text]<\/p>\n<h3>Botox filler voor de slaap<\/h3>\n<h2><strong>Krijg je jeugdige gezichtscontour terug<\/strong><\/h2>\n<p>Botox zijn een uitstekende manier om het volumeverlies bij je slapen te herstellen en je wenkbrauwen te liften. Maak een afspraak en ervaar het zelf.[\/vc_column_text][\/vc_column][vc_column width=\u201d1\/2\u2033 el_class=\u201dnopadmobile\u201d]<a class=\"lt-button fill\" href=\"\/gratis-adviesgesprek\/\">Vrijblijvend adviesgesprek<\/a>[vc_column_text]Neem telefonisch contact op<br>\n<span style=\"color: #516070;\"><a style=\"font-size: 25px; color: #516070;\" href=\"tel:+31702002070\">070-200 20 70<\/a><\/span><br>\nMa t\/m zo 08:00 tot 22:00[\/vc_column_text][\/vc_column][\/vc_row]<\/p>\n<\/div><\/body><\/html>","protected":false},"excerpt":{"rendered":"<p>[vc_row full_width=\u201dstretch_row\u201d css=\u201d.vc_custom_1602148947347{background-color: #fbfbfb !important;}\u201d el_class=\u201dpaddingbig\u201d][vc_column width=\u201d1\/3\u2033][vc_column_text] Behandelingen Botox behandeling voor de slaap Het resultaat kan na een kleine touch-up verbluffend zijn.[\/vc_column_text][\/vc_column][vc_column width=\u201d2\/3\u2033][vc_tta_accordion color=\u201dwhite\u201d c_icon=\u201dchevron\u201d c_position=\u201dright\u201d active_section=\u201d1\u2033][vc_tta_section title=\u201dBotox voor de slaap\u201d tab_id=\u201d1555581272186-ca8cb890-d960a444-3aca\u201d][vc_column_text]Mis je jouw frisse uitstraling in de spiegel? Heb je het idee dat je ogen holler lijken en wenkbrauwen naar achteren zakken? Je denkt [&hellip;]<\/p>\n","protected":false},"author":1,"featured_media":6213,"parent":7099,"menu_order":10,"comment_status":"closed","ping_status":"closed","template":"","meta":{"_acf_changed":false,"inline_featured_image":false,"footnotes":""},"class_list":["post-366","page","type-page","status-publish","has-post-thumbnail","hentry"],"acf":[],"_links":{"self":[{"href":"https:\/\/skinsurgerybotox.nl\/en\/wp-json\/wp\/v2\/pages\/366","targetHints":{"allow":["GET"]}}],"collection":[{"href":"https:\/\/skinsurgerybotox.nl\/en\/wp-json\/wp\/v2\/pages"}],"about":[{"href":"https:\/\/skinsurgerybotox.nl\/en\/wp-json\/wp\/v2\/types\/page"}],"author":[{"embeddable":true,"href":"https:\/\/skinsurgerybotox.nl\/en\/wp-json\/wp\/v2\/users\/1"}],"replies":[{"embeddable":true,"href":"https:\/\/skinsurgerybotox.nl\/en\/wp-json\/wp\/v2\/comments?post=366"}],"version-history":[{"count":5,"href":"https:\/\/skinsurgerybotox.nl\/en\/wp-json\/wp\/v2\/pages\/366\/revisions"}],"predecessor-version":[{"id":8195,"href":"https:\/\/skinsurgerybotox.nl\/en\/wp-json\/wp\/v2\/pages\/366\/revisions\/8195"}],"up":[{"embeddable":true,"href":"https:\/\/skinsurgerybotox.nl\/en\/wp-json\/wp\/v2\/pages\/7099"}],"wp:featuredmedia":[{"embeddable":true,"href":"https:\/\/skinsurgerybotox.nl\/en\/wp-json\/wp\/v2\/media\/6213"}],"wp:attachment":[{"href":"https:\/\/skinsurgerybotox.nl\/en\/wp-json\/wp\/v2\/media?parent=366"}],"curies":[{"name":"wp","href":"https:\/\/api.w.org\/{rel}","templated":true}]}}