{"id":364,"date":"2018-12-17T10:20:11","date_gmt":"2018-09-17T10:07:06","guid":{"rendered":"https:\/\/skin-surgery.nl\/?post_type=behandelingen&#038;p=364"},"modified":"2020-10-08T12:04:08","modified_gmt":"2020-10-08T10:04:08","slug":"transgenders","status":"publish","type":"page","link":"https:\/\/skinsurgerybotox.nl\/en\/transgenders\/","title":{"rendered":"Filler voor transgenders"},"content":{"rendered":"<html><body><div class=\"wpb-content-wrapper\"><p>[vc_row full_width=\u201dstretch_row\u201d css=\u201d.vc_custom_1602149119462{background-color: #fbfbfb !important;}\u201d el_class=\u201dpaddingbig\u201d][vc_column width=\u201d1\/3\u2033][vc_column_text]<\/p>\n<h3>Behandelingen<\/h3>\n<h2>Filler voor transgenders<\/h2>\n<p>Veel is mogelijk en gebeurt bij ons met veel vakkundigheid en discretie.[\/vc_column_text][\/vc_column][vc_column width=\u201d2\/3\u2033][vc_tta_accordion color=\u201dwhite\u201d c_icon=\u201dchevron\u201d c_position=\u201dright\u201d active_section=\u201d1\u2033][vc_tta_section title=\u201dFiller voor transgenders\u201d tab_id=\u201d1555581272186-ca8cb890-d960282e-ac9b\u201d][vc_column_text]Hoe je je vanbinnen voelt, komt niet altijd overeen met hoe je er van buiten uitziet. Door kleine veranderingen in je gelaat aan te brengen met behulp van filler, kan je werkelijk transformeren. Zo kan je met een filler behandeling, je wangen en je lippen voller maken, zodat je gezicht vrouwelijker oogt. Dokter Thanya Tha-In is gespecialiseerd in filler behandelingen voor transgenders, denk hierbij aan het opvullen van het voorhoofd voor minder prominente wenkbrauwen, het V-shapen van de kaaklijn en feminisatie van de wangen. Veel is mogelijk en gebeurt bij ons met veel vakkundigheid en discretie.[\/vc_column_text][\/vc_tta_section][\/vc_tta_accordion][\/vc_column][\/vc_row][vc_row el_class=\u201doverlay-top\u201d css=\u201d.vc_custom_1559310029134{background-color: #50606f !important;}\u201d][vc_column][vc_row_inner][vc_column_inner width=\u201d1\/3\u2033][vc_column_text]<\/p>\n<h3>Filler voor transgenders<\/h3>\n<h2><strong>Resultaten van filler voor transgenders<\/strong><\/h2>\n<p><span style=\"color: #ffffff;\">Skin + Surgery kan veel betekenen voor transgenders die zich niet thuis voelen in de geslachtsrol, waar ze mee geboren zijn. Bekijken de resultaten van vollere wangen en lippen, V-shapen van de kaaklijn, minder prominente wenkbrauwen en vervrouwelijking van de wangen.<\/span>[\/vc_column_text][\/vc_column_inner][vc_column_inner width=\u201d2\/3\u2033][vc_single_image image=\u201d2893\u2033 img_size=\u201dfull\u201d onclick=\u201dcustom_link\u201d img_link_target=\u201d_blank\u201d link=\u201dhttps:\/\/www.kliniekervaringen.nl\/kliniek\/nederland\/zuid-holland\/bergschenhoek\/skinsurgery-clinics-486\u2033][\/vc_column_inner][\/vc_row_inner][\/vc_column][\/vc_row][vc_row content_placement=\u201dmiddle\u201d css=\u201d.vc_custom_1555588747292{padding-top: 30px !important;padding-bottom: 30px !important;}\u201d][vc_column width=\u201d1\/2\u2033][vc_column_text]<\/p>\n<h3>Filler voor transgenders<\/h3>\n<h2>Kwaliteit is onze passie<\/h2>\n<p>[\/vc_column_text][\/vc_column][vc_column width=\u201d1\/2\u2033 el_class=\u201dnopadmobile\u201d]<a class=\"lt-button fill\" href=\"\/gratis-adviesgesprek\/\">Vrijblijvend adviesgesprek<\/a>[vc_column_text]<span style=\"color: #c7ab69;\">Ma. t\/m zo. van 08:00 tot 22:00<\/span>[\/vc_column_text][\/vc_column][\/vc_row][vc_row disable_element=\u201dyes\u201d][vc_column][vc_tta_tabs style=\u201dflat\u201d shape=\u201dsquare\u201d color=\u201dwhite\u201d spacing=\u201d\u201d active_section=\u201d1\u2033 no_fill_content_area=\u201dtrue\u201d][vc_tta_section title=\u201dAdviesgesprek met de arts\u201d tab_id=\u201d1555583942513-5b99e7b7-ecaf282e-ac9b\u201d][vc_column_text]Etiam rhoncus. Maecenas tempus, tellus eget condimentum rhoncus, sem quam semper libero, sit amet adipiscing sem neque sed ipsum. Nam quam nunc, blandit vel, luctus pulvinar, hendrerit id, lorem. Maecenas nec odio et ante tincidunt tempus. Donec vitae sapien ut libero venenatis faucibus. Nullam quis ante. Etiam sit amet orci eget eros faucibus tincidunt. Duis leo. Sed fringilla mauris sit amet nibh. Donec sodales sagittis magna.<\/p>\n<p>\u00a0<\/p>\n<p>Etiam rhoncus. Maecenas tempus, tellus eget condimentum rhoncus, sem quam semper libero, sit amet adipiscing sem neque sed ipsum. Nam quam nunc, blandit vel, luctus pulvinar, hendrerit id, lorem. Maecenas nec odio et ante tincidunt tempus. Donec vitae sapien ut libero venenatis faucibus. Nullam quis ante. Etiam sit amet orci eget eros faucibus tincidunt. Duis leo. Sed fringilla mauris sit amet nibh. Donec sodales sagittis magna.[\/vc_column_text][\/vc_tta_section][vc_tta_section title=\u201dDe behandeling\u201d tab_id=\u201d1555583942540-7ea53f0d-549a282e-ac9b\u201d][vc_column_text]Etiam rhoncus. Maecenas tempus, tellus eget condimentum rhoncus, sem quam semper libero, sit amet adipiscing sem neque sed ipsum. Nam quam nunc, blandit vel, luctus pulvinar, hendrerit id, lorem. Maecenas nec odio et ante tincidunt tempus. Donec vitae sapien ut libero venenatis faucibus. Nullam quis ante. Etiam sit amet orci eget eros faucibus tincidunt. Duis leo. Sed fringilla mauris sit amet nibh. Donec sodales sagittis magna.<\/p>\n<p>\u00a0<\/p>\n<p>Etiam rhoncus. Maecenas tempus, tellus eget condimentum rhoncus, sem quam semper libero, sit amet adipiscing sem neque sed ipsum. Nam quam nunc, blandit vel, luctus pulvinar, hendrerit id, lorem. Maecenas nec odio et ante tincidunt tempus. Donec vitae sapien ut libero venenatis faucibus. Nullam quis ante. Etiam sit amet orci eget eros faucibus tincidunt. Duis leo. Sed fringilla mauris sit amet nibh. Donec sodales sagittis magna.[\/vc_column_text][\/vc_tta_section][vc_tta_section title=\u201dNazorg\u201d tab_id=\u201d1555584751853-9a326b6f-d59e282e-ac9b\u201d][vc_column_text]Etiam rhoncus. Maecenas tempus, tellus eget condimentum rhoncus, sem quam semper libero, sit amet adipiscing sem neque sed ipsum. Nam quam nunc, blandit vel, luctus pulvinar, hendrerit id, lorem. Maecenas nec odio et ante tincidunt tempus. Donec vitae sapien ut libero venenatis faucibus. Nullam quis ante. Etiam sit amet orci eget eros faucibus tincidunt. Duis leo. Sed fringilla mauris sit amet nibh. Donec sodales sagittis magna.<\/p>\n<p>\u00a0<\/p>\n<p>Etiam rhoncus. Maecenas tempus, tellus eget condimentum rhoncus, sem quam semper libero, sit amet adipiscing sem neque sed ipsum. Nam quam nunc, blandit vel, luctus pulvinar, hendrerit id, lorem. Maecenas nec odio et ante tincidunt tempus. Donec vitae sapien ut libero venenatis faucibus. Nullam quis ante. Etiam sit amet orci eget eros faucibus tincidunt. Duis leo. Sed fringilla mauris sit amet nibh. Donec sodales sagittis magna.[\/vc_column_text][\/vc_tta_section][vc_tta_section title=\u201dRisico\u2019s\u201d tab_id=\u201d1555584778875-fdade210-0455282e-ac9b\u201d][vc_column_text]Etiam rhoncus. Maecenas tempus, tellus eget condimentum rhoncus, sem quam semper libero, sit amet adipiscing sem neque sed ipsum. Nam quam nunc, blandit vel, luctus pulvinar, hendrerit id, lorem. Maecenas nec odio et ante tincidunt tempus. Donec vitae sapien ut libero venenatis faucibus. Nullam quis ante. Etiam sit amet orci eget eros faucibus tincidunt. Duis leo. Sed fringilla mauris sit amet nibh. Donec sodales sagittis magna.<\/p>\n<p>\u00a0<\/p>\n<p>Etiam rhoncus. Maecenas tempus, tellus eget condimentum rhoncus, sem quam semper libero, sit amet adipiscing sem neque sed ipsum. Nam quam nunc, blandit vel, luctus pulvinar, hendrerit id, lorem. Maecenas nec odio et ante tincidunt tempus. Donec vitae sapien ut libero venenatis faucibus. Nullam quis ante. Etiam sit amet orci eget eros faucibus tincidunt. Duis leo. Sed fringilla mauris sit amet nibh. Donec sodales sagittis magna.[\/vc_column_text][\/vc_tta_section][\/vc_tta_tabs][\/vc_column][\/vc_row][vc_row full_width=\u201dstretch_row_content_no_spaces\u201d][vc_column]<\/p><div class=\"teamlid-details-container\">\n                    <div class=\"left-side\">\n                        <div class=\"person-bg\" style=\"background:white url(https:\/\/skinsurgerybotox.nl\/wp-content\/uploads\/2020\/10\/team-skin-surgery-thanya-tha-in.png) bottom center no-repeat;\"><\/div>\n                    <\/div>\n                    <div class=\"right-side\">\n                        <div class=\"teamlid-content\">\n                            <h2>Dr. Thanya Tha-In<\/h2>\n                            <h3>Chirurg en gecertificeerd cosmetisch arts<\/h3>\r\nDokter Thanya Tha-In is chirurg en gecertificeerd cosmetisch arts en staat bekend als de \u00e9\u00e9n van de beste in haar vak. Thanya kijkt verder dan het te behandelen gebied en is oprecht ge\u00efnteresseerd in jou als persoon. Met zorg en aandacht legt ze je de mogelijkheden uit en is ze realistisch in het te verwachten resultaat. Dit geldt voor een behandeling met injectables, maar net zo goed voor een chirurgische ingreep.\n                            <a class=\"leesmeer-btn\" href=\"\/specialisten\/\">Lees meer over onze specialisten <img decoding=\"async\" src=\"https:\/\/skinsurgerybotox.nl\/wp-content\/themes\/thain\/images\/design\/arrow-right.png\" alt=\"arrow-right\"><\/a>\n                        <\/div>\n                        <div class=\"andere-teamleden\">\n                            <div class=\"andere-teamlid\" style=\"background:url(https:\/\/skinsurgerybotox.nl\/wp-content\/uploads\/2020\/10\/team-skin-surgery-arletta-de-wit.png) no-repeat;\"><\/div>\n                            <div class=\"andere-teamlid\" style=\"background:url(https:\/\/skinsurgerybotox.nl\/wp-content\/uploads\/2020\/10\/team-skin-surgery-Leanne-wong.png) no-repeat;\"><\/div>\n                            <div class=\"andere-teamlid\" style=\"background:url() no-repeat;\"><\/div>\n                        <\/div>\n                    <\/div>\n                    <div class=\"clear\"><\/div>\n                <\/div>[\/vc_column][\/vc_row][vc_row el_class=\u201dnormalpadding\u201d][vc_column width=\u201d1\/3\u2033][vc_column_text]\n<h3>Filler voor transgenders<\/h3>\n<h2><strong>Prijzen en vergoedingen<\/strong><\/h2>\n<p>Skin + Surgery is transparant en eerlijk in zijn tarief voor een filler voor transgenders. Deze behandeling wordt niet vergoed uit de basisverzekering. Informeer bij zorgverzekeraars naar de mogelijkheden voor vergoeding via een aanvullende verzekering.[\/vc_column_text][\/vc_column][vc_column width=\u201d1\/3\u2033]<\/p><div class=\"pricetag\">\n                    <h4>Filler voor transgenders<\/h4>\n                    <span>vanaf \u20ac 750,-<\/span>\n                <\/div>[\/vc_column][vc_column width=\u201d1\/3\u2033]<a class=\"leesmeer-btn\" href=\"\/prijzen\/\">Bekijk alle prijzen <img decoding=\"async\" src=\"https:\/\/skinsurgerybotox.nl\/wp-content\/themes\/thain\/images\/design\/arrow-right.png\" alt=\"arrow-right\"><\/a>[\/vc_column][\/vc_row][vc_row full_width=\u201dstretch_row\u201d el_class=\u201ddiapcontainer\u201d css=\u201d.vc_custom_1602149141889{background-color: #f0f0f0 !important;}\u201d][vc_column width=\u201d2\/3\u2033][vc_column_text]\n<h3>Filler voor transgenders<\/h3>\n<h2><span style=\"color: #4f5f6f;\">Veelgestelde vragen<\/span><\/h2>\n<p>[\/vc_column_text][vc_tta_accordion color=\u201dwhite\u201d c_icon=\u201dchevron\u201d c_position=\u201dright\u201d active_section=\u201d1\u2033 no_fill=\u201dtrue\u201d][vc_tta_section title=\u201dWaarvoor wordt een Filler gebruikt?\u201d tab_id=\u201d1555595161099-16f4e901-2d57282e-ac9b\u201d][vc_column_text]<\/p>\n<div class=\"faq-section\">\n<div id=\"faq-1\" class=\"faq-section-content open\">\n<p>De filler wordt gebruikt om rimpels in het gelaat te verjongen. Vaak na een stressvolle periode, door bijvoorbeeld het afvallen of bij het ouder worden, gaat je gezicht tekenen. Oplosbare niet-permanente fillers zijn ideaal om tekenen van veroudering en vermoeidheid te vervagen. De naam zegt het eigenlijk al, namelijk opvullen. De filler zorgt ervoor dat bepaalde gedeeltes van je gezicht weer meer volume krijgen. Hierbij valt te denken aan het liften van de wangen, het verminderen van de neuslippenplooi en het liften van de mondhoekjes.<\/p>\n<\/div>\n<\/div>\n<p>[\/vc_column_text][\/vc_tta_section][vc_tta_section title=\u201dFillers, wat is dit nou precies?\u201d tab_id=\u201d1555595161148-0ad513a3-1765282e-ac9b\u201d][vc_column_text]<\/p>\n<div class=\"faq-section\">\n<div id=\"faq-2\" class=\"faq-section-content open\">\n<p>Een Filler is uiteindelijk niet meer dan hyaluronzuur. Hyaluronzuur komt van nature al voor in je lichaam en zorgt ervoor dat je huid gehydrateerd wordt. Door deze te injecteren in de middelste en onderste huidlaag wordt de huid van binnenuit gehydrateerd, dit zorgt voor een langdurige verbetering van de huidkwaliteit. Ook kunnen Fillers door de diepe injectie in de huidlagen volume in het gezicht herstellen en een verjongend en liftend effect geven.<\/p>\n<\/div>\n<\/div>\n<p>[\/vc_column_text][\/vc_tta_section][vc_tta_section title=\u201dHoelang is de werking van de Filler?\u201d tab_id=\u201d1555595161197-6e6b47e4-3e38282e-ac9b\u201d][vc_column_text]<\/p>\n<div class=\"faq-section\">\n<div id=\"faq-3\" class=\"faq-section-content open\">\n<p>Het verschilt per Filler hoelang het resultaat zichtbaar is. Wij gaan uit van een gemiddelde werkingsduur tussen de 6 en 12 maanden.<\/p>\n<\/div>\n<\/div>\n<p>[\/vc_column_text][\/vc_tta_section][vc_tta_section title=\u201dIs het injecteren van de Filler veilig?\u201d tab_id=\u201d1556288851986-c4e1163d-d761\u2033][vc_column_text]<\/p>\n<div class=\"faq-section\">\n<div id=\"faq-3\" class=\"faq-section-content open\">\n<div id=\"faq\" class=\"tab-content text\">\n<div class=\"faq\">\n<div class=\"faq-section\">\n<div id=\"faq-4\" class=\"faq-section-content open\">\n<p>Er is veel onderzoek verricht naar het injecteren van een filler. Ook lees je in de media veel over de goede en minder goede ervaringen. Uit wetenschappelijk onderzoek en uit eigen ervaring is gebleken dat het gebruik van fillers volkomen veilig is. De fillers waarmee Tha-In Clinics werkt, zijn van hoge kwaliteit en volledig biologisch afbreekbaar. Hiernaast zorgen onze artsen altijd voor een subtiel resultaat en waken zij voor overvulling en een onnatuurlijke uitstraling. Onze artsen geven dan ook te allen tijde een eerlijk advies. Mochten we van mening zijn dat de door jouw gekozen behandeling zal leiden tot een onnatuurlijke look, dan bespreken we dit uitgebreid en zullen we in goed overleg besluiten de behandeling niet op deze manier uit te voeren.<\/p>\n<\/div>\n<\/div>\n<\/div>\n<\/div>\n<\/div>\n<\/div>\n<p>[\/vc_column_text][\/vc_tta_section][\/vc_tta_accordion][\/vc_column][vc_column width=\u201d1\/3\u2033 el_class=\u201dcolum-top-indent\u201d][vc_column_text css=\u201d.vc_custom_1602149153091{margin-bottom: 15px !important;}\u201d]<\/p>\n<h4><span style=\"color: #4f5f6f;\">Staat jouw vraag er<\/span><br>\n<span style=\"color: #4f5f6f;\">niet tussen?<\/span><\/h4>\n<p><span style=\"color: #4f5f6f;\">Neem dan nu contact op<\/span>[\/vc_column_text]<a class=\"tel-button\" href=\"tel:+31702002070\"><i class=\"fa fa-phone\" aria-hidden=\"true\"><\/i> 070-200 20 70<\/a>[vc_column_text]<span style=\"color: #c7ab69;\">van Ma t\/m zo 08:00 tot 22:00<\/span>[\/vc_column_text][\/vc_column][\/vc_row][vc_row el_class=\u201dnormalpadding\u201d][vc_column width=\u201d1\/2\u2033][\/vc_column][vc_column width=\u201d1\/2\u2033][\/vc_column][\/vc_row][vc_row full_width=\u201dstretch_row\u201d el_class=\u201dsmallpadding\u201d css=\u201d.vc_custom_1602149176448{background-color: #f9f9f9 !important;}\u201d][vc_column width=\u201d1\/2\u2033][vc_column_text]<\/p>\n<h3>Filler voor transgenders<\/h3>\n<h2><strong>Uiterlijk in lijn met je gevoel van binnen<\/strong><\/h2>\n<p>Een filler voor transgenders geeft je op subtiele wijze vrouwelijke gezichtskenmerken. Je uiterlijk wordt in harmonie gebracht met hoe je van binnen voelt.[\/vc_column_text][\/vc_column][vc_column width=\u201d1\/2\u2033 el_class=\u201dnopadmobile\u201d]<a class=\"lt-button fill\" href=\"\/gratis-adviesgesprek\/\">Vrijblijvend adviesgesprek<\/a>[vc_column_text]Neem telefonisch contact op<br>\n<span style=\"color: #516070;\"><a style=\"font-size: 25px; color: #516070;\" href=\"tel:+31702002070\">070-200 20 70<\/a><\/span><br>\nMa t\/m zo 08:00 tot 22:00[\/vc_column_text][\/vc_column][\/vc_row]<\/p>\n<\/div><\/body><\/html>","protected":false},"excerpt":{"rendered":"<p>[vc_row full_width=\u201dstretch_row\u201d css=\u201d.vc_custom_1602149119462{background-color: #fbfbfb !important;}\u201d el_class=\u201dpaddingbig\u201d][vc_column width=\u201d1\/3\u2033][vc_column_text] Behandelingen Filler voor transgenders Veel is mogelijk en gebeurt bij ons met veel vakkundigheid en discretie.[\/vc_column_text][\/vc_column][vc_column width=\u201d2\/3\u2033][vc_tta_accordion color=\u201dwhite\u201d c_icon=\u201dchevron\u201d c_position=\u201dright\u201d active_section=\u201d1\u2033][vc_tta_section title=\u201dFiller voor transgenders\u201d tab_id=\u201d1555581272186-ca8cb890-d960282e-ac9b\u201d][vc_column_text]Hoe je je vanbinnen voelt, komt niet altijd overeen met hoe je er van buiten uitziet. Door kleine veranderingen in je gelaat aan te [&hellip;]<\/p>\n","protected":false},"author":1,"featured_media":6213,"parent":0,"menu_order":12,"comment_status":"closed","ping_status":"closed","template":"","meta":{"_acf_changed":false,"inline_featured_image":false,"footnotes":""},"class_list":["post-364","page","type-page","status-publish","has-post-thumbnail","hentry"],"acf":[],"_links":{"self":[{"href":"https:\/\/skinsurgerybotox.nl\/en\/wp-json\/wp\/v2\/pages\/364","targetHints":{"allow":["GET"]}}],"collection":[{"href":"https:\/\/skinsurgerybotox.nl\/en\/wp-json\/wp\/v2\/pages"}],"about":[{"href":"https:\/\/skinsurgerybotox.nl\/en\/wp-json\/wp\/v2\/types\/page"}],"author":[{"embeddable":true,"href":"https:\/\/skinsurgerybotox.nl\/en\/wp-json\/wp\/v2\/users\/1"}],"replies":[{"embeddable":true,"href":"https:\/\/skinsurgerybotox.nl\/en\/wp-json\/wp\/v2\/comments?post=364"}],"version-history":[{"count":5,"href":"https:\/\/skinsurgerybotox.nl\/en\/wp-json\/wp\/v2\/pages\/364\/revisions"}],"predecessor-version":[{"id":6205,"href":"https:\/\/skinsurgerybotox.nl\/en\/wp-json\/wp\/v2\/pages\/364\/revisions\/6205"}],"wp:featuredmedia":[{"embeddable":true,"href":"https:\/\/skinsurgerybotox.nl\/en\/wp-json\/wp\/v2\/media\/6213"}],"wp:attachment":[{"href":"https:\/\/skinsurgerybotox.nl\/en\/wp-json\/wp\/v2\/media?parent=364"}],"curies":[{"name":"wp","href":"https:\/\/api.w.org\/{rel}","templated":true}]}}