{"id":2917,"date":"2018-12-17T10:20:11","date_gmt":"2019-07-10T15:16:17","guid":{"rendered":"https:\/\/skin.devtactics.nl\/?post_type=behandelingen&#038;p=2917"},"modified":"2020-11-30T11:00:48","modified_gmt":"2020-11-30T10:00:48","slug":"rimpel-relaxer","status":"publish","type":"page","link":"https:\/\/skinsurgerybotox.nl\/en\/rimpel-relaxer\/","title":{"rendered":"Rimpel Relaxer (btx)"},"content":{"rendered":"<html><body><div class=\"wpb-content-wrapper\"><p>[vc_row full_width=\u201dstretch_row\u201d css=\u201d.vc_custom_1601815368116{padding-bottom: 35px !important;background-color: #f8f9fb !important;}\u201d][vc_column][vc_column_text]<\/p>\n<h1>Rimpel Relaxer (btx) behandelingen<\/h1>\n<p>[\/vc_column_text][vc_row_inner][vc_column_inner width=\u201d1\/2\u2033]<a class=\"plusbutton\" href=\"https:\/\/skin-surgery.nl\/rimpel-relaxer\/fronsrimpel\/\" target=\"_blank\" rel=\"noopener nofollow\">Fronsrimpel <img decoding=\"async\" src=\"https:\/\/skinsurgerybotox.nl\/wp-content\/themes\/thain\/images\/plus_icon.svg\" alt=\"plus_icon\"><\/a><a class=\"plusbutton\" href=\"https:\/\/skin-surgery.nl\/rimpel-relaxer\/kraaienpootjes-lachrimpels\/\" target=\"_blank\" rel=\"noopener nofollow\">Kraaienpootjes of lachrimpels <img decoding=\"async\" src=\"https:\/\/skinsurgerybotox.nl\/wp-content\/themes\/thain\/images\/plus_icon.svg\" alt=\"plus_icon\"><\/a><a class=\"plusbutton\" href=\"https:\/\/skin-surgery.nl\/rimpel-relaxer\/kraaienpootjes-lachrimpels\/\" target=\"_blank\" rel=\"noopener nofollow\">Mommy facial <img decoding=\"async\" src=\"https:\/\/skinsurgerybotox.nl\/wp-content\/themes\/thain\/images\/plus_icon.svg\" alt=\"plus_icon\"><\/a><a class=\"plusbutton\" href=\"https:\/\/skin-surgery.nl\/rimpel-relaxer\/gummy-smile\/\" target=\"_blank\" rel=\"noopener nofollow\">Gummy smile <img decoding=\"async\" src=\"https:\/\/skinsurgerybotox.nl\/wp-content\/themes\/thain\/images\/plus_icon.svg\" alt=\"plus_icon\"><\/a><a class=\"plusbutton\" href=\"https:\/\/skin-surgery.nl\/rimpel-relaxer\/migraine\/\" target=\"_blank\" rel=\"noopener nofollow\">Migraine <img decoding=\"async\" src=\"https:\/\/skinsurgerybotox.nl\/wp-content\/themes\/thain\/images\/plus_icon.svg\" alt=\"plus_icon\"><\/a><a class=\"plusbutton\" href=\"https:\/\/skin-surgery.nl\/rimpel-relaxer\/tandenknarsen\/\" target=\"_blank\" rel=\"noopener nofollow\">Tandenknarsen <img decoding=\"async\" src=\"https:\/\/skinsurgerybotox.nl\/wp-content\/themes\/thain\/images\/plus_icon.svg\" alt=\"plus_icon\"><\/a><a class=\"plusbutton\" href=\"https:\/\/skin-surgery.nl\/rimpel-relaxer\/wenkbrauwlift\/\" target=\"_blank\" rel=\"noopener nofollow\">Wenkbrauwlift <img decoding=\"async\" src=\"https:\/\/skinsurgerybotox.nl\/wp-content\/themes\/thain\/images\/plus_icon.svg\" alt=\"plus_icon\"><\/a>[\/vc_column_inner][vc_column_inner width=\u201d1\/2\u2033]<a class=\"plusbutton\" href=\"https:\/\/skin-surgery.nl\/rimpel-relaxer\/voorhoofdsrimpel\/\" target=\"_blank\" rel=\"noopener nofollow\">Voorhoofdsrimpel <img decoding=\"async\" src=\"https:\/\/skinsurgerybotox.nl\/wp-content\/themes\/thain\/images\/plus_icon.svg\" alt=\"plus_icon\"><\/a><a class=\"plusbutton\" href=\"https:\/\/skin-surgery.nl\/rimpel-relaxer\/huidverbetering-met-injectable\/\" target=\"_blank\" rel=\"noopener nofollow\">Huidverbetering met injectables <img decoding=\"async\" src=\"https:\/\/skinsurgerybotox.nl\/wp-content\/themes\/thain\/images\/plus_icon.svg\" alt=\"plus_icon\"><\/a><a class=\"plusbutton\" href=\"https:\/\/skin-surgery.nl\/rimpel-relaxer\/littekens\/\" target=\"_blank\" rel=\"noopener nofollow\">Littekens <img decoding=\"async\" src=\"https:\/\/skinsurgerybotox.nl\/wp-content\/themes\/thain\/images\/plus_icon.svg\" alt=\"plus_icon\"><\/a><a class=\"plusbutton\" href=\"https:\/\/skin-surgery.nl\/rimpel-relaxer\/overmatig-transpireren-hyperhydrosis\/\" target=\"_blank\" rel=\"noopener nofollow\">Overmatig transpireren (hyperhydrosis) <img decoding=\"async\" src=\"https:\/\/skinsurgerybotox.nl\/wp-content\/themes\/thain\/images\/plus_icon.svg\" alt=\"plus_icon\"><\/a><a class=\"plusbutton\" href=\"https:\/\/skin-surgery.nl\/rimpel-relaxer\/verlamming-in-het-gezicht\/\" target=\"_blank\" rel=\"noopener nofollow\">Verlamming in het gezicht <img decoding=\"async\" src=\"https:\/\/skinsurgerybotox.nl\/wp-content\/themes\/thain\/images\/plus_icon.svg\" alt=\"plus_icon\"><\/a><a class=\"plusbutton\" href=\"https:\/\/skin-surgery.nl\/rimpel-relaxer\/vierkante-kaken\/\" target=\"_blank\" rel=\"noopener nofollow\">Vierkante kaken <img decoding=\"async\" src=\"https:\/\/skinsurgerybotox.nl\/wp-content\/themes\/thain\/images\/plus_icon.svg\" alt=\"plus_icon\"><\/a>[\/vc_column_inner][\/vc_row_inner][\/vc_column][\/vc_row][vc_row full_width=\u201dstretch_row\u201d equal_height=\u201dyes\u201d el_class=\u201dbgright\u201d css=\u201d.vc_custom_1601815379848{margin-top: 0px !important;margin-right: 0px !important;margin-bottom: 0px !important;margin-left: 0px !important;padding-top: 0px !important;padding-bottom: 0px !important;background-color: #f8f9fb !important;background-position: center !important;background-repeat: no-repeat !important;background-size: cover !important;}\u201d][vc_column offset=\u201dvc_col-lg-6 vc_col-md-12\u2033 css=\u201d.vc_custom_1601814961309{padding-top: 20px !important;padding-bottom: 20px !important;}\u201d][vc_column_text]<\/p>\n<h3>Skin + Surgery<\/h3>\n<h2>Injectables<\/h2>\n<p>Of je nu last hebt van een te diepe fronsrimpel of juist een steeds terugkerende migraine, injectable biedt uitkomst bij zowel cosmetische wensen als verscheidene medische ongemakken. Een injectable is een spierontspanner die ervoor zorgt dat de behandelde spier tijdelijk niet meer kan samentrekken. Dit zorgt er o.a. voor dat de huid strakker wordt en rimpels vervagen. Anders dan bij fillers, waar rimpels opgevuld worden.<\/p>\n<p>Overweeg je een injectable behandeling, dan ben je bij Skin + Surgery Clinics aan het juiste adres. Onze artsen zijn specialisten op het gebied van injectable en hebben aandacht voor jouw verhaal. Vraag een vrijblijvend consult aan of klik op een van onze behandelingen voor meer informatie.<\/p>\n<p>De eerder benoemde resultaten kunnen niet gegarandeerd worden. De resultaten verschillen van persoon tot persoon. We kunnen geen concrete uitspraken doen over hoe uw lichaam reageert op bepaalde behandelingen of producten.[\/vc_column_text]<a class=\"lt-button fill\" href=\"\/gratis-adviesgesprek\/\">Vrijblijvend adviesgesprek<\/a>[\/vc_column][vc_column offset=\u201dvc_col-lg-6 vc_col-md-12 vc_hidden-sm vc_col-xs-12 vc_hidden-xs\u201d css=\u201d.vc_custom_1602082448161{background-image: url(https:\/\/skinsurgerybotox.nl\/wp-content\/uploads\/2020\/10\/fillers-bij-skin-surgery.jpg?id=5958) !important;background-position: center !important;background-repeat: no-repeat !important;background-size: cover !important;}\u201d][\/vc_column][\/vc_row][vc_row][vc_column]<\/p><div class=\"teamlid-details-container\">\n                    <div class=\"left-side\">\n                        <div class=\"person-bg\" style=\"background:white url(https:\/\/skinsurgerybotox.nl\/wp-content\/uploads\/2020\/10\/team-skin-surgery-thanya-tha-in.png) bottom center no-repeat;\"><\/div>\n                    <\/div>\n                    <div class=\"right-side\">\n                        <div class=\"teamlid-content\">\n                            <h2>Dr. Thanya Tha-In<\/h2>\n                            <h3>Chirurg en gecertificeerd cosmetisch arts<\/h3>\r\nDokter Thanya Tha-In is chirurg en gecertificeerd cosmetisch arts en staat bekend als de \u00e9\u00e9n van de beste in haar vak. Thanya kijkt verder dan het te behandelen gebied en is oprecht ge\u00efnteresseerd in jou als persoon. Met zorg en aandacht legt ze je de mogelijkheden uit en is ze realistisch in het te verwachten resultaat. Dit geldt voor een behandeling met injectables, maar net zo goed voor een chirurgische ingreep.\n                            <a class=\"leesmeer-btn\" href=\"\/specialisten\/\">Lees meer over onze specialisten <img decoding=\"async\" src=\"https:\/\/skinsurgerybotox.nl\/wp-content\/themes\/thain\/images\/design\/arrow-right.png\" alt=\"arrow-right\"><\/a>\n                        <\/div>\n                        <div class=\"andere-teamleden\">\n                            <div class=\"andere-teamlid\" style=\"background:url(https:\/\/skinsurgerybotox.nl\/wp-content\/uploads\/2020\/10\/team-skin-surgery-arletta-de-wit.png) no-repeat;\"><\/div>\n                            <div class=\"andere-teamlid\" style=\"background:url(https:\/\/skinsurgerybotox.nl\/wp-content\/uploads\/2020\/10\/team-skin-surgery-Leanne-wong.png) no-repeat;\"><\/div>\n                            <div class=\"andere-teamlid\" style=\"background:url() no-repeat;\"><\/div>\n                        <\/div>\n                    <\/div>\n                    <div class=\"clear\"><\/div>\n                <\/div>[\/vc_column][\/vc_row][vc_row full_width=\u201dstretch_row\u201d css=\u201d.vc_custom_1601815218264{background-color: #f9f9f9 !important;}\u201d][vc_column width=\u201d1\/2\u2033][vc_column_text]\n<h3>Rimpel Relaxer<\/h3>\n<h2><strong>Er weer fris en jeugdig uitzien.<\/strong><\/h2>\n<p>Heb je last van diepe fronsrimpels, voorhoofdsrimpels of ontsierende kraaienpootjes? Laat je adviseren wat de rimpel relaxer voor je kan betekenen.[\/vc_column_text][\/vc_column][vc_column width=\u201d1\/2\u2033 css=\u201d.vc_custom_1560239762020{padding-top: 55px !important;}\u201d]<a class=\"lt-button fill\" href=\"\/gratis-adviesgesprek\/\">Vrijblijvend adviesgesprek<\/a>[vc_column_text]Neem telefonisch contact op<br>\n<span style=\"color: #516070;\"><a style=\"font-size: 25px; color: #516070;\" href=\"tel:+31702002070\">070-200 20 70<\/a><\/span><br>\nma. t\/m vr. tot 22:00[\/vc_column_text][\/vc_column][\/vc_row]<\/p>\n<\/div><\/body><\/html>","protected":false},"excerpt":{"rendered":"<p>[vc_row full_width=\u201dstretch_row\u201d css=\u201d.vc_custom_1601815368116{padding-bottom: 35px !important;background-color: #f8f9fb !important;}\u201d][vc_column][vc_column_text] Rimpel Relaxer (btx) behandelingen [\/vc_column_text][vc_row_inner][vc_column_inner width=\u201d1\/2\u2033][\/vc_column_inner][vc_column_inner width=\u201d1\/2\u2033][\/vc_column_inner][\/vc_row_inner][\/vc_column][\/vc_row][vc_row full_width=\u201dstretch_row\u201d equal_height=\u201dyes\u201d el_class=\u201dbgright\u201d css=\u201d.vc_custom_1601815379848{margin-top: 0px !important;margin-right: 0px !important;margin-bottom: 0px !important;margin-left: 0px !important;padding-top: 0px !important;padding-bottom: 0px !important;background-color: #f8f9fb !important;background-position: center !important;background-repeat: no-repeat !important;background-size: cover !important;}\u201d][vc_column offset=\u201dvc_col-lg-6 vc_col-md-12\u2033 css=\u201d.vc_custom_1601814961309{padding-top: 20px !important;padding-bottom: 20px !important;}\u201d][vc_column_text] Skin + Surgery Injectables Of je nu last hebt van [&hellip;]<\/p>\n","protected":false},"author":3,"featured_media":5556,"parent":0,"menu_order":12,"comment_status":"closed","ping_status":"closed","template":"","meta":{"_acf_changed":false,"inline_featured_image":false,"footnotes":""},"class_list":["post-2917","page","type-page","status-publish","has-post-thumbnail","hentry"],"acf":[],"_links":{"self":[{"href":"https:\/\/skinsurgerybotox.nl\/en\/wp-json\/wp\/v2\/pages\/2917","targetHints":{"allow":["GET"]}}],"collection":[{"href":"https:\/\/skinsurgerybotox.nl\/en\/wp-json\/wp\/v2\/pages"}],"about":[{"href":"https:\/\/skinsurgerybotox.nl\/en\/wp-json\/wp\/v2\/types\/page"}],"author":[{"embeddable":true,"href":"https:\/\/skinsurgerybotox.nl\/en\/wp-json\/wp\/v2\/users\/3"}],"replies":[{"embeddable":true,"href":"https:\/\/skinsurgerybotox.nl\/en\/wp-json\/wp\/v2\/comments?post=2917"}],"version-history":[{"count":5,"href":"https:\/\/skinsurgerybotox.nl\/en\/wp-json\/wp\/v2\/pages\/2917\/revisions"}],"predecessor-version":[{"id":7327,"href":"https:\/\/skinsurgerybotox.nl\/en\/wp-json\/wp\/v2\/pages\/2917\/revisions\/7327"}],"wp:featuredmedia":[{"embeddable":true,"href":"https:\/\/skinsurgerybotox.nl\/en\/wp-json\/wp\/v2\/media\/5556"}],"wp:attachment":[{"href":"https:\/\/skinsurgerybotox.nl\/en\/wp-json\/wp\/v2\/media?parent=2917"}],"curies":[{"name":"wp","href":"https:\/\/api.w.org\/{rel}","templated":true}]}}